{"id":281,"date":"2024-10-16T03:00:03","date_gmt":"2024-10-16T03:00:03","guid":{"rendered":"https:\/\/reinventandofuturos.com.br\/erf\/?page_id=281"},"modified":"2024-10-16T03:10:27","modified_gmt":"2024-10-16T03:10:27","slug":"design-de-moda-sustentavel","status":"publish","type":"page","link":"https:\/\/reinventandofuturos.com.br\/erf\/design-de-moda-sustentavel\/","title":{"rendered":"Design de Moda Sustent\u00e1vel"},"content":{"rendered":"\t\t<div data-elementor-type=\"wp-page\" data-elementor-id=\"281\" class=\"elementor elementor-281\" data-elementor-post-type=\"page\">\n\t\t\t\t\t\t<section class=\"elementor-section elementor-top-section elementor-element elementor-element-8b83877 elementor-section-boxed elementor-section-height-default elementor-section-height-default\" data-id=\"8b83877\" data-element_type=\"section\" data-e-type=\"section\" data-settings=\"{&quot;background_background&quot;:&quot;classic&quot;}\">\n\t\t\t\t\t\t<div class=\"elementor-container elementor-column-gap-default\">\n\t\t\t\t\t<div class=\"elementor-column elementor-col-100 elementor-top-column elementor-element elementor-element-40bb0f8\" data-id=\"40bb0f8\" data-element_type=\"column\" data-e-type=\"column\">\n\t\t\t<div class=\"elementor-widget-wrap elementor-element-populated\">\n\t\t\t\t\t\t\t<\/div>\n\t\t<\/div>\n\t\t\t\t\t<\/div>\n\t\t<\/section>\n\t\t\t\t<section class=\"elementor-section elementor-top-section elementor-element elementor-element-9249f3c elementor-section-boxed elementor-section-height-default elementor-section-height-default\" data-id=\"9249f3c\" data-element_type=\"section\" data-e-type=\"section\">\n\t\t\t\t\t\t<div class=\"elementor-container elementor-column-gap-default\">\n\t\t\t\t\t<div class=\"elementor-column elementor-col-100 elementor-top-column elementor-element elementor-element-b0aa045\" data-id=\"b0aa045\" data-element_type=\"column\" data-e-type=\"column\">\n\t\t\t<div class=\"elementor-widget-wrap elementor-element-populated\">\n\t\t\t\t\t\t<div class=\"elementor-element elementor-element-3014ff7 elementor-widget elementor-widget-text-editor\" data-id=\"3014ff7\" data-element_type=\"widget\" data-e-type=\"widget\" data-widget_type=\"text-editor.default\">\n\t\t\t\t<div class=\"elementor-widget-container\">\n\t\t\t\t\t\t\t\t\t<p><b>Oficina de Design de Moda Sustent\u00e1vel<\/b><\/p><p><span style=\"font-weight: 400;\">Esta oficina apresentar\u00e1 os princ\u00edpios do design de moda sustent\u00e1vel, explorando t\u00e9cnicas de produ\u00e7\u00e3o ecol\u00f3gica, uso de materiais reciclados e biodegrad\u00e1veis, e a import\u00e2ncia da \u00e9tica na moda. Os participantes aprender\u00e3o a criar pe\u00e7as de vestu\u00e1rio que n\u00e3o s\u00f3 s\u00e3o est\u00e9ticamente agrad\u00e1veis, mas tamb\u00e9m ambientalmente respons\u00e1veis.<\/span><\/p><p><b>DURA\u00c7\u00c3O E CARGA HOR\u00c1RIA:<\/b><\/p><p><span style=\"font-weight: 400;\">A oficina acontece na quinta, dia 07\/11, das 09 \u00e0s 17h, na cidade de Ribeira do Pombal.<\/span><\/p><p><b>P\u00daBLICO ALVO:<\/b><\/p><p><span style=\"font-weight: 400;\">Mulheres, adultos, produtores locais, empreendedores criativos, estudantes, jovens, artistas e agentes de transforma\u00e7\u00e3o das cidades por onde a expedi\u00e7\u00e3o circula.<\/span><\/p><p><b>METODOLOGIA:<\/b><\/p><p><span style=\"font-weight: 400;\">A oficina ser\u00e1 baseada em aulas te\u00f3ricas, discuss\u00f5es em grupo e atividades pr\u00e1ticas de design. Os participantes ter\u00e3o a oportunidade de criar seus pr\u00f3prios esbo\u00e7os e prot\u00f3tipos de moda sustent\u00e1vel.<\/span><\/p><p><b>OFICINEIRO: JOAQUIM ASSIS<\/b><\/p><p><span style=\"font-weight: 400;\">Joaquim Assis, Baiano, Soteropolitano, nascido e criado no Centro Hist\u00f3rico de Salvador, ber\u00e7o e celeiro da cultura em suas m\u00faltiplas faces. Artista Pl\u00e1stico, Figurinista, Cen\u00f3grafo, Decorador, Produtor &amp; Difusor de Manifesta\u00e7\u00f5es Art\u00edsticas Culturais e Regionais. Presidente da Associa\u00e7\u00e3o do Grupo da 3@ Idade Eterna Juventude e Volunt\u00e1rio &#8211; Conselheiro de Mulheres Mastectomizadas. Joaquim Assis, Artista M\u00faltiplo da Bahia &#8211; Brasil.<\/span><\/p>\t\t\t\t\t\t\t\t<\/div>\n\t\t\t\t<\/div>\n\t\t\t\t<div class=\"elementor-element elementor-element-2e62b4f elementor-widget elementor-widget-gallery\" data-id=\"2e62b4f\" data-element_type=\"widget\" data-e-type=\"widget\" data-settings=\"{&quot;gallery_layout&quot;:&quot;masonry&quot;,&quot;columns&quot;:5,&quot;gap&quot;:{&quot;unit&quot;:&quot;px&quot;,&quot;size&quot;:0,&quot;sizes&quot;:[]},&quot;lazyload&quot;:&quot;yes&quot;,&quot;columns_tablet&quot;:2,&quot;columns_mobile&quot;:1,&quot;gap_tablet&quot;:{&quot;unit&quot;:&quot;px&quot;,&quot;size&quot;:10,&quot;sizes&quot;:[]},&quot;gap_mobile&quot;:{&quot;unit&quot;:&quot;px&quot;,&quot;size&quot;:10,&quot;sizes&quot;:[]},&quot;link_to&quot;:&quot;file&quot;,&quot;overlay_background&quot;:&quot;yes&quot;,&quot;content_hover_animation&quot;:&quot;fade-in&quot;}\" data-widget_type=\"gallery.default\">\n\t\t\t\t<div class=\"elementor-widget-container\">\n\t\t\t\t\t\t\t<div class=\"elementor-gallery__container\">\n\t\t\t\t\t\t\t<a class=\"e-gallery-item elementor-gallery-item elementor-animated-content\" href=\"https:\/\/reinventandofuturos.com.br\/erf\/wp-content\/uploads\/2024\/10\/dms_01.jpg\" data-elementor-open-lightbox=\"yes\" data-elementor-lightbox-slideshow=\"2e62b4f\" data-elementor-lightbox-title=\"dms_01\" data-e-action-hash=\"#elementor-action%3Aaction%3Dlightbox%26settings%3DeyJpZCI6Mjk2LCJ1cmwiOiJodHRwczpcL1wvcmVpbnZlbnRhbmRvZnV0dXJvcy5jb20uYnJcL2VyZlwvd3AtY29udGVudFwvdXBsb2Fkc1wvMjAyNFwvMTBcL2Rtc18wMS5qcGciLCJzbGlkZXNob3ciOiIyZTYyYjRmIn0%3D\">\n\t\t\t\t\t<div class=\"e-gallery-image elementor-gallery-item__image\" data-thumbnail=\"https:\/\/reinventandofuturos.com.br\/erf\/wp-content\/uploads\/2024\/10\/dms_01-300x200.jpg\" data-width=\"300\" data-height=\"200\" aria-label=\"\" role=\"img\" ><\/div>\n\t\t\t\t\t\t\t\t\t\t\t<div class=\"elementor-gallery-item__overlay\"><\/div>\n\t\t\t\t\t\t\t\t\t\t\t\t\t\t<\/a>\n\t\t\t\t\t\t\t<a class=\"e-gallery-item elementor-gallery-item elementor-animated-content\" href=\"https:\/\/reinventandofuturos.com.br\/erf\/wp-content\/uploads\/2024\/10\/dms_02.jpg\" data-elementor-open-lightbox=\"yes\" data-elementor-lightbox-slideshow=\"2e62b4f\" data-elementor-lightbox-title=\"dms_02\" data-e-action-hash=\"#elementor-action%3Aaction%3Dlightbox%26settings%3DeyJpZCI6Mjk3LCJ1cmwiOiJodHRwczpcL1wvcmVpbnZlbnRhbmRvZnV0dXJvcy5jb20uYnJcL2VyZlwvd3AtY29udGVudFwvdXBsb2Fkc1wvMjAyNFwvMTBcL2Rtc18wMi5qcGciLCJzbGlkZXNob3ciOiIyZTYyYjRmIn0%3D\">\n\t\t\t\t\t<div class=\"e-gallery-image elementor-gallery-item__image\" data-thumbnail=\"https:\/\/reinventandofuturos.com.br\/erf\/wp-content\/uploads\/2024\/10\/dms_02-300x200.jpg\" data-width=\"300\" data-height=\"200\" aria-label=\"\" role=\"img\" ><\/div>\n\t\t\t\t\t\t\t\t\t\t\t<div class=\"elementor-gallery-item__overlay\"><\/div>\n\t\t\t\t\t\t\t\t\t\t\t\t\t\t<\/a>\n\t\t\t\t\t\t\t<a class=\"e-gallery-item elementor-gallery-item elementor-animated-content\" href=\"https:\/\/reinventandofuturos.com.br\/erf\/wp-content\/uploads\/2024\/10\/dms_03.jpg\" data-elementor-open-lightbox=\"yes\" data-elementor-lightbox-slideshow=\"2e62b4f\" data-elementor-lightbox-title=\"dms_03\" data-e-action-hash=\"#elementor-action%3Aaction%3Dlightbox%26settings%3DeyJpZCI6Mjk4LCJ1cmwiOiJodHRwczpcL1wvcmVpbnZlbnRhbmRvZnV0dXJvcy5jb20uYnJcL2VyZlwvd3AtY29udGVudFwvdXBsb2Fkc1wvMjAyNFwvMTBcL2Rtc18wMy5qcGciLCJzbGlkZXNob3ciOiIyZTYyYjRmIn0%3D\">\n\t\t\t\t\t<div class=\"e-gallery-image elementor-gallery-item__image\" data-thumbnail=\"https:\/\/reinventandofuturos.com.br\/erf\/wp-content\/uploads\/2024\/10\/dms_03-300x200.jpg\" data-width=\"300\" data-height=\"200\" aria-label=\"\" role=\"img\" ><\/div>\n\t\t\t\t\t\t\t\t\t\t\t<div class=\"elementor-gallery-item__overlay\"><\/div>\n\t\t\t\t\t\t\t\t\t\t\t\t\t\t<\/a>\n\t\t\t\t\t\t\t<a class=\"e-gallery-item elementor-gallery-item elementor-animated-content\" href=\"https:\/\/reinventandofuturos.com.br\/erf\/wp-content\/uploads\/2024\/10\/dms_04.jpg\" data-elementor-open-lightbox=\"yes\" data-elementor-lightbox-slideshow=\"2e62b4f\" data-elementor-lightbox-title=\"dms_04\" data-e-action-hash=\"#elementor-action%3Aaction%3Dlightbox%26settings%3DeyJpZCI6Mjk5LCJ1cmwiOiJodHRwczpcL1wvcmVpbnZlbnRhbmRvZnV0dXJvcy5jb20uYnJcL2VyZlwvd3AtY29udGVudFwvdXBsb2Fkc1wvMjAyNFwvMTBcL2Rtc18wNC5qcGciLCJzbGlkZXNob3ciOiIyZTYyYjRmIn0%3D\">\n\t\t\t\t\t<div class=\"e-gallery-image elementor-gallery-item__image\" data-thumbnail=\"https:\/\/reinventandofuturos.com.br\/erf\/wp-content\/uploads\/2024\/10\/dms_04-300x200.jpg\" data-width=\"300\" data-height=\"200\" aria-label=\"\" role=\"img\" ><\/div>\n\t\t\t\t\t\t\t\t\t\t\t<div class=\"elementor-gallery-item__overlay\"><\/div>\n\t\t\t\t\t\t\t\t\t\t\t\t\t\t<\/a>\n\t\t\t\t\t\t\t<a class=\"e-gallery-item elementor-gallery-item elementor-animated-content\" href=\"https:\/\/reinventandofuturos.com.br\/erf\/wp-content\/uploads\/2024\/10\/dms_05.jpg\" data-elementor-open-lightbox=\"yes\" data-elementor-lightbox-slideshow=\"2e62b4f\" data-elementor-lightbox-title=\"dms_05\" data-e-action-hash=\"#elementor-action%3Aaction%3Dlightbox%26settings%3DeyJpZCI6MzAwLCJ1cmwiOiJodHRwczpcL1wvcmVpbnZlbnRhbmRvZnV0dXJvcy5jb20uYnJcL2VyZlwvd3AtY29udGVudFwvdXBsb2Fkc1wvMjAyNFwvMTBcL2Rtc18wNS5qcGciLCJzbGlkZXNob3ciOiIyZTYyYjRmIn0%3D\">\n\t\t\t\t\t<div class=\"e-gallery-image elementor-gallery-item__image\" data-thumbnail=\"https:\/\/reinventandofuturos.com.br\/erf\/wp-content\/uploads\/2024\/10\/dms_05-300x200.jpg\" data-width=\"300\" data-height=\"200\" aria-label=\"\" role=\"img\" ><\/div>\n\t\t\t\t\t\t\t\t\t\t\t<div class=\"elementor-gallery-item__overlay\"><\/div>\n\t\t\t\t\t\t\t\t\t\t\t\t\t\t<\/a>\n\t\t\t\t\t<\/div>\n\t\t\t\t\t<\/div>\n\t\t\t\t<\/div>\n\t\t\t\t<div class=\"elementor-element elementor-element-f244a09 elementor-align-justify elementor-invisible elementor-widget elementor-widget-button\" data-id=\"f244a09\" data-element_type=\"widget\" data-e-type=\"widget\" data-settings=\"{&quot;_animation&quot;:&quot;fadeInUp&quot;}\" data-widget_type=\"button.default\">\n\t\t\t\t<div class=\"elementor-widget-container\">\n\t\t\t\t\t\t\t\t\t<div class=\"elementor-button-wrapper\">\n\t\t\t\t\t<a class=\"elementor-button elementor-button-link elementor-size-sm\" href=\"https:\/\/reinventandofuturos.com.br\/erf\/inscricao\/\">\n\t\t\t\t\t\t<span class=\"elementor-button-content-wrapper\">\n\t\t\t\t\t\t\t\t\t<span class=\"elementor-button-text\">INSCREVA-SE<\/span>\n\t\t\t\t\t<\/span>\n\t\t\t\t\t<\/a>\n\t\t\t\t<\/div>\n\t\t\t\t\t\t\t\t<\/div>\n\t\t\t\t<\/div>\n\t\t\t\t\t<\/div>\n\t\t<\/div>\n\t\t\t\t\t<\/div>\n\t\t<\/section>\n\t\t\t\t<\/div>\n\t\t","protected":false},"excerpt":{"rendered":"<p>Oficina de Design de Moda Sustent\u00e1vel Esta oficina apresentar\u00e1 os princ\u00edpios do design de moda sustent\u00e1vel, explorando t\u00e9cnicas de produ\u00e7\u00e3o ecol\u00f3gica, uso de materiais reciclados e biodegrad\u00e1veis, e a import\u00e2ncia da \u00e9tica na moda. Os participantes aprender\u00e3o a criar pe\u00e7as de vestu\u00e1rio que n\u00e3o s\u00f3 s\u00e3o est\u00e9ticamente agrad\u00e1veis, mas tamb\u00e9m ambientalmente respons\u00e1veis. DURA\u00c7\u00c3O E CARGA [&hellip;]<\/p>\n","protected":false},"author":1,"featured_media":0,"parent":0,"menu_order":0,"comment_status":"closed","ping_status":"closed","template":"elementor_header_footer","meta":{"footnotes":""},"class_list":["post-281","page","type-page","status-publish","hentry"],"_links":{"self":[{"href":"https:\/\/reinventandofuturos.com.br\/erf\/wp-json\/wp\/v2\/pages\/281","targetHints":{"allow":["GET"]}}],"collection":[{"href":"https:\/\/reinventandofuturos.com.br\/erf\/wp-json\/wp\/v2\/pages"}],"about":[{"href":"https:\/\/reinventandofuturos.com.br\/erf\/wp-json\/wp\/v2\/types\/page"}],"author":[{"embeddable":true,"href":"https:\/\/reinventandofuturos.com.br\/erf\/wp-json\/wp\/v2\/users\/1"}],"replies":[{"embeddable":true,"href":"https:\/\/reinventandofuturos.com.br\/erf\/wp-json\/wp\/v2\/comments?post=281"}],"version-history":[{"count":13,"href":"https:\/\/reinventandofuturos.com.br\/erf\/wp-json\/wp\/v2\/pages\/281\/revisions"}],"predecessor-version":[{"id":303,"href":"https:\/\/reinventandofuturos.com.br\/erf\/wp-json\/wp\/v2\/pages\/281\/revisions\/303"}],"wp:attachment":[{"href":"https:\/\/reinventandofuturos.com.br\/erf\/wp-json\/wp\/v2\/media?parent=281"}],"curies":[{"name":"wp","href":"https:\/\/api.w.org\/{rel}","templated":true}]}}