{"id":332,"date":"2024-10-16T03:27:56","date_gmt":"2024-10-16T03:27:56","guid":{"rendered":"https:\/\/reinventandofuturos.com.br\/erf\/?page_id=332"},"modified":"2024-10-16T03:47:14","modified_gmt":"2024-10-16T03:47:14","slug":"cartazes-lambe","status":"publish","type":"page","link":"https:\/\/reinventandofuturos.com.br\/erf\/cartazes-lambe\/","title":{"rendered":"Cartazes Lambe"},"content":{"rendered":"\t\t<div data-elementor-type=\"wp-page\" data-elementor-id=\"332\" class=\"elementor elementor-332\" data-elementor-post-type=\"page\">\n\t\t\t\t\t\t<section class=\"elementor-section elementor-top-section elementor-element elementor-element-8b83877 elementor-section-boxed elementor-section-height-default elementor-section-height-default\" data-id=\"8b83877\" data-element_type=\"section\" data-e-type=\"section\" data-settings=\"{&quot;background_background&quot;:&quot;classic&quot;}\">\n\t\t\t\t\t\t<div class=\"elementor-container elementor-column-gap-default\">\n\t\t\t\t\t<div class=\"elementor-column elementor-col-100 elementor-top-column elementor-element elementor-element-40bb0f8\" data-id=\"40bb0f8\" data-element_type=\"column\" data-e-type=\"column\">\n\t\t\t<div class=\"elementor-widget-wrap elementor-element-populated\">\n\t\t\t\t\t\t\t<\/div>\n\t\t<\/div>\n\t\t\t\t\t<\/div>\n\t\t<\/section>\n\t\t\t\t<section class=\"elementor-section elementor-top-section elementor-element elementor-element-9249f3c elementor-section-boxed elementor-section-height-default elementor-section-height-default\" data-id=\"9249f3c\" data-element_type=\"section\" data-e-type=\"section\">\n\t\t\t\t\t\t<div class=\"elementor-container elementor-column-gap-default\">\n\t\t\t\t\t<div class=\"elementor-column elementor-col-100 elementor-top-column elementor-element elementor-element-b0aa045\" data-id=\"b0aa045\" data-element_type=\"column\" data-e-type=\"column\">\n\t\t\t<div class=\"elementor-widget-wrap elementor-element-populated\">\n\t\t\t\t\t\t<div class=\"elementor-element elementor-element-3014ff7 elementor-widget elementor-widget-text-editor\" data-id=\"3014ff7\" data-element_type=\"widget\" data-e-type=\"widget\" data-widget_type=\"text-editor.default\">\n\t\t\t\t<div class=\"elementor-widget-container\">\n\t\t\t\t\t\t\t\t\t<p><b>Oficina de Cria\u00e7\u00e3o de Cartazes Lambe-lambe (AJU)<\/b><\/p><p><span style=\"font-weight: 400;\">Esta oficina introduz os participantes \u00e0 arte dos cartazes lambe-lambe, uma forma de express\u00e3o art\u00edstica popular nas \u00e1reas urbanas. Os participantes aprender\u00e3o sobre a hist\u00f3ria e a import\u00e2ncia cultural dos cartazes lambe-lambe, bem como as t\u00e9cnicas para criar seus pr\u00f3prios cartazes. A oficina culminar\u00e1 com uma sess\u00e3o pr\u00e1tica, onde os participantes poder\u00e3o criar e exibir seus pr\u00f3prios cartazes lambe-lambe.<\/span><\/p><p><b>DURA\u00c7\u00c3O E CARGA HOR\u00c1RIA:<\/b><\/p><p><span style=\"font-weight: 400;\">A oficina acontecer\u00e1 no dia 07\/11, das 09 \u00e0s 17h, na cidade de Ribeira do Pombal.<\/span><\/p><p><b>P\u00daBLICO ALVO:<\/b><\/p><p><span style=\"font-weight: 400;\">Mulheres, adultos, produtores locais, empreendedores criativos, estudantes, jovens, artistas e agentes de transforma\u00e7\u00e3o das cidades por onde a expedi\u00e7\u00e3o circula.<\/span><\/p><p><b>METODOLOGIA:<\/b><\/p><p><span style=\"font-weight: 400;\">Para todas as oficinas, ser\u00e1 utilizada uma metodologia ativa e centrada no participante que combina teoria e pr\u00e1tica.<\/span><\/p><p><b>OFICINEIRA: AJU<\/b><\/p><p><span style=\"font-weight: 400;\">Aju Paraguassu, filha de Ninha e da Chapada Diamantina (Itaet\u00ea-BA). Neta de D\u00e9a e do Paraguassu. Uma mulher mesti\u00e7a criada na beira desse rio. Adolescente vai estudar em Salvador onde reside atualmente. Graduada em Desenho Industrial pela Escola de Belas Artes &#8211; UFBA (2011), atua como diretora de arte h\u00e1 13 anos. Uma trajet\u00f3ria que persegue alian\u00e7a de po\u00e9tica e prop\u00f3sito. Participa desde 2019 da ManifestA ColetivA, diretora de arte dessa ocupa\u00e7\u00e3o da pol\u00edtica institucional, do mandato de Maria Marighella, e atualmente tamb\u00e9m diretora de arte da Funarte (Funda\u00e7\u00e3o Nacional de Artes). Em 2021 ilustrou a edi\u00e7\u00e3o especial de \u201cSejamos Todos Feministas\u201d de Chimamanda Ngozi, pela Companhia das Letrinhas. Em 2023 publicou o quadrinho \u201cUrubu Reis\u201d pela Galeria RV, dentro da cole\u00e7\u00e3o Plano Inclinado. Participa, desde a funda\u00e7\u00e3o, do selo Editorial da EBA &#8211; UFBA, Tiragem Laborat\u00f3rio de Livros, onde promove e participa de publica\u00e7\u00f5es como artista, curadora e diretora de arte, a exemplo da revista escola Miolo.<\/span><\/p>\t\t\t\t\t\t\t\t<\/div>\n\t\t\t\t<\/div>\n\t\t\t\t<div class=\"elementor-element elementor-element-f244a09 elementor-align-justify elementor-invisible elementor-widget elementor-widget-button\" data-id=\"f244a09\" data-element_type=\"widget\" data-e-type=\"widget\" data-settings=\"{&quot;_animation&quot;:&quot;fadeInUp&quot;}\" data-widget_type=\"button.default\">\n\t\t\t\t<div class=\"elementor-widget-container\">\n\t\t\t\t\t\t\t\t\t<div class=\"elementor-button-wrapper\">\n\t\t\t\t\t<a class=\"elementor-button elementor-button-link elementor-size-sm\" href=\"https:\/\/reinventandofuturos.com.br\/erf\/inscricao\/\">\n\t\t\t\t\t\t<span class=\"elementor-button-content-wrapper\">\n\t\t\t\t\t\t\t\t\t<span class=\"elementor-button-text\">INSCREVA-SE<\/span>\n\t\t\t\t\t<\/span>\n\t\t\t\t\t<\/a>\n\t\t\t\t<\/div>\n\t\t\t\t\t\t\t\t<\/div>\n\t\t\t\t<\/div>\n\t\t\t\t\t<\/div>\n\t\t<\/div>\n\t\t\t\t\t<\/div>\n\t\t<\/section>\n\t\t\t\t<\/div>\n\t\t","protected":false},"excerpt":{"rendered":"<p>Oficina de Cria\u00e7\u00e3o de Cartazes Lambe-lambe (AJU) Esta oficina introduz os participantes \u00e0 arte dos cartazes lambe-lambe, uma forma de express\u00e3o art\u00edstica popular nas \u00e1reas urbanas. Os participantes aprender\u00e3o sobre a hist\u00f3ria e a import\u00e2ncia cultural dos cartazes lambe-lambe, bem como as t\u00e9cnicas para criar seus pr\u00f3prios cartazes. A oficina culminar\u00e1 com uma sess\u00e3o pr\u00e1tica, [&hellip;]<\/p>\n","protected":false},"author":1,"featured_media":0,"parent":0,"menu_order":0,"comment_status":"closed","ping_status":"closed","template":"elementor_header_footer","meta":{"footnotes":""},"class_list":["post-332","page","type-page","status-publish","hentry"],"_links":{"self":[{"href":"https:\/\/reinventandofuturos.com.br\/erf\/wp-json\/wp\/v2\/pages\/332","targetHints":{"allow":["GET"]}}],"collection":[{"href":"https:\/\/reinventandofuturos.com.br\/erf\/wp-json\/wp\/v2\/pages"}],"about":[{"href":"https:\/\/reinventandofuturos.com.br\/erf\/wp-json\/wp\/v2\/types\/page"}],"author":[{"embeddable":true,"href":"https:\/\/reinventandofuturos.com.br\/erf\/wp-json\/wp\/v2\/users\/1"}],"replies":[{"embeddable":true,"href":"https:\/\/reinventandofuturos.com.br\/erf\/wp-json\/wp\/v2\/comments?post=332"}],"version-history":[{"count":10,"href":"https:\/\/reinventandofuturos.com.br\/erf\/wp-json\/wp\/v2\/pages\/332\/revisions"}],"predecessor-version":[{"id":381,"href":"https:\/\/reinventandofuturos.com.br\/erf\/wp-json\/wp\/v2\/pages\/332\/revisions\/381"}],"wp:attachment":[{"href":"https:\/\/reinventandofuturos.com.br\/erf\/wp-json\/wp\/v2\/media?parent=332"}],"curies":[{"name":"wp","href":"https:\/\/api.w.org\/{rel}","templated":true}]}}