{"id":382,"date":"2024-10-16T03:47:55","date_gmt":"2024-10-16T03:47:55","guid":{"rendered":"https:\/\/reinventandofuturos.com.br\/erf\/?page_id=382"},"modified":"2024-10-16T04:21:33","modified_gmt":"2024-10-16T04:21:33","slug":"inspire-cineclube","status":"publish","type":"page","link":"https:\/\/reinventandofuturos.com.br\/erf\/inspire-cineclube\/","title":{"rendered":"Inspire Cineclube"},"content":{"rendered":"\t\t<div data-elementor-type=\"wp-page\" data-elementor-id=\"382\" class=\"elementor elementor-382\" data-elementor-post-type=\"page\">\n\t\t\t\t\t\t<section class=\"elementor-section elementor-top-section elementor-element elementor-element-8b83877 elementor-section-boxed elementor-section-height-default elementor-section-height-default\" data-id=\"8b83877\" data-element_type=\"section\" data-e-type=\"section\" data-settings=\"{&quot;background_background&quot;:&quot;classic&quot;}\">\n\t\t\t\t\t\t<div class=\"elementor-container elementor-column-gap-default\">\n\t\t\t\t\t<div class=\"elementor-column elementor-col-100 elementor-top-column elementor-element elementor-element-40bb0f8\" data-id=\"40bb0f8\" data-element_type=\"column\" data-e-type=\"column\">\n\t\t\t<div class=\"elementor-widget-wrap elementor-element-populated\">\n\t\t\t\t\t\t\t<\/div>\n\t\t<\/div>\n\t\t\t\t\t<\/div>\n\t\t<\/section>\n\t\t\t\t<section class=\"elementor-section elementor-top-section elementor-element elementor-element-9249f3c elementor-section-boxed elementor-section-height-default elementor-section-height-default\" data-id=\"9249f3c\" data-element_type=\"section\" data-e-type=\"section\">\n\t\t\t\t\t\t<div class=\"elementor-container elementor-column-gap-default\">\n\t\t\t\t\t<div class=\"elementor-column elementor-col-100 elementor-top-column elementor-element elementor-element-b0aa045\" data-id=\"b0aa045\" data-element_type=\"column\" data-e-type=\"column\">\n\t\t\t<div class=\"elementor-widget-wrap elementor-element-populated\">\n\t\t\t\t\t\t<div class=\"elementor-element elementor-element-3014ff7 elementor-widget elementor-widget-text-editor\" data-id=\"3014ff7\" data-element_type=\"widget\" data-e-type=\"widget\" data-widget_type=\"text-editor.default\">\n\t\t\t\t<div class=\"elementor-widget-container\">\n\t\t\t\t\t\t\t\t\t<p><span style=\"font-weight: 400;\">O cineclube oferecer\u00e1 uma sele\u00e7\u00e3o de filmes e document\u00e1rios que abordam temas relacionados \u00e0 sustentabilidade, inova\u00e7\u00e3o social e quest\u00f5es ambientais. Atrav\u00e9s da exibi\u00e7\u00e3o de produ\u00e7\u00f5es independentes e de impacto, o cineclube cria um espa\u00e7o de reflex\u00e3o e di\u00e1logo, promovendo o engajamento da comunidade e ampliando o entendimento sobre os desafios e solu\u00e7\u00f5es para um futuro mais sustent\u00e1vel.<\/span><\/p>\n<p>&nbsp;<\/p>\n<p><strong>S\u00c1BADO, 09\/11<\/strong><\/p>\n<table>\n<tbody>\n<tr>\n<td><span style=\"font-weight: 400;\">18H<\/span><\/td>\n<td><span style=\"font-weight: 400;\">CineClub<\/span><\/td>\n<td><span style=\"font-weight: 400;\">No Topo da Amaz\u00f4nia &#8211; Tocha Filmes<\/span><\/td>\n<\/tr>\n<tr>\n<td><span style=\"font-weight: 400;\">19H<\/span><\/td>\n<td><span style=\"font-weight: 400;\">CineClub<\/span><\/td>\n<td><span style=\"font-weight: 400;\">Inspire e Conte-me<\/span><\/td>\n<\/tr>\n<\/tbody>\n<\/table>\n<p><strong>DOMINGO, 10\/11<\/strong><\/p>\n<table>\n<tbody>\n<tr>\n<td><span style=\"font-weight: 400;\">18H<\/span><\/td>\n<td><span style=\"font-weight: 400;\">CineClub<\/span><\/td>\n<td><span style=\"font-weight: 400;\">Mulheres na Conserva\u00e7\u00e3o<\/span><\/td>\n<\/tr>\n<tr>\n<td><span style=\"font-weight: 400;\">19H<\/span><\/td>\n<td><span style=\"font-weight: 400;\">CineClub<\/span><\/td>\n<td><span style=\"font-weight: 400;\">Inspire e Conte-me<\/span><\/td>\n<\/tr>\n<\/tbody>\n<\/table>\n<p>&nbsp;<\/p>\n<p><img decoding=\"async\" class=\"alignnone wp-image-406\" src=\"https:\/\/reinventandofuturos.com.br\/erf\/wp-content\/uploads\/2024\/10\/Inspire.jpg\" alt=\"\" width=\"199\" height=\"55\"><\/p>\n<p><strong>Sobre a Inspire<\/strong><\/p>\n<p><span style=\"font-weight: 400;\">A Inspire Narrativas \u00e9 dedicada a contar hist\u00f3rias que conectam e inspiram pessoas, promovendo a arte, a cultura, a sustentabilidade, a diversidade e a inclus\u00e3o por meio do cinema e outras formas de narrativas.<\/span><\/p>\n<p><span style=\"font-weight: 400;\">O Inspire &amp; Conte-me conta hist\u00f3rias significativas e inspiradoras de pessoas reais, gente <\/span><span style=\"font-weight: 400;\">como a gente, que t\u00eam em comum a dif\u00edcil tarefa de empreender juntamente com o desejo <\/span><span style=\"font-weight: 400;\">de construir um mundo mais sustent\u00e1vel, diverso e inclusivo.<\/span><\/p>\n<p><span style=\"font-weight: 400;\">Classifica\u00e7\u00e3o Livre.<\/span><\/p>\n<p>&nbsp;<\/p>\n<p><img decoding=\"async\" class=\"alignnone wp-image-387 size-full\" src=\"https:\/\/reinventandofuturos.com.br\/erf\/wp-content\/uploads\/2024\/10\/LogoTocha.png\" alt=\"\" width=\"250\" height=\"114\"><\/p>\n<p><strong>Sobre a Tocha Filmes<\/strong><\/p>\n<p><span style=\"font-weight: 400;\">Empatia Ativa Pela Vida. Esse \u00e9 o 18\u00ba Objetivo de Desenvolvimento Sustent\u00e1vel, ainda que n\u00e3o reconhecido oficialmente pela ONU. \u00c9 aquele que torna poss\u00edvel sonharmos com os demais 17. Na Tocha Filmes, pensamos assim. E assim \u00e9 a nossa proposta de cria\u00e7\u00e3o de conte\u00fado que provoque reflex\u00e3o e transforma\u00e7\u00e3o. Queremos conectar pessoas e valores atrav\u00e9s de uma intensa experi\u00eancia audiovisual. Mas completamente neutra em termos de emiss\u00f5es de carbono. Nunca ser neutro foi t\u00e3o emp\u00e1tico. <\/span><\/p>\t\t\t\t\t\t\t\t<\/div>\n\t\t\t\t<\/div>\n\t\t\t\t<div class=\"elementor-element elementor-element-f244a09 elementor-align-justify elementor-invisible elementor-widget elementor-widget-button\" data-id=\"f244a09\" data-element_type=\"widget\" data-e-type=\"widget\" data-settings=\"{&quot;_animation&quot;:&quot;fadeInUp&quot;}\" data-widget_type=\"button.default\">\n\t\t\t\t<div class=\"elementor-widget-container\">\n\t\t\t\t\t\t\t\t\t<div class=\"elementor-button-wrapper\">\n\t\t\t\t\t<a class=\"elementor-button elementor-button-link elementor-size-sm\" href=\"https:\/\/reinventandofuturos.com.br\/erf\/inscricao\/\">\n\t\t\t\t\t\t<span class=\"elementor-button-content-wrapper\">\n\t\t\t\t\t\t\t\t\t<span class=\"elementor-button-text\">INSCREVA-SE<\/span>\n\t\t\t\t\t<\/span>\n\t\t\t\t\t<\/a>\n\t\t\t\t<\/div>\n\t\t\t\t\t\t\t\t<\/div>\n\t\t\t\t<\/div>\n\t\t\t\t\t<\/div>\n\t\t<\/div>\n\t\t\t\t\t<\/div>\n\t\t<\/section>\n\t\t\t\t<\/div>\n\t\t","protected":false},"excerpt":{"rendered":"<p>O cineclube oferecer\u00e1 uma sele\u00e7\u00e3o de filmes e document\u00e1rios que abordam temas relacionados \u00e0 sustentabilidade, inova\u00e7\u00e3o social e quest\u00f5es ambientais. Atrav\u00e9s da exibi\u00e7\u00e3o de produ\u00e7\u00f5es independentes e de impacto, o cineclube cria um espa\u00e7o de reflex\u00e3o e di\u00e1logo, promovendo o engajamento da comunidade e ampliando o entendimento sobre os desafios e solu\u00e7\u00f5es para um futuro [&hellip;]<\/p>\n","protected":false},"author":1,"featured_media":0,"parent":0,"menu_order":0,"comment_status":"closed","ping_status":"closed","template":"elementor_header_footer","meta":{"footnotes":""},"class_list":["post-382","page","type-page","status-publish","hentry"],"_links":{"self":[{"href":"https:\/\/reinventandofuturos.com.br\/erf\/wp-json\/wp\/v2\/pages\/382","targetHints":{"allow":["GET"]}}],"collection":[{"href":"https:\/\/reinventandofuturos.com.br\/erf\/wp-json\/wp\/v2\/pages"}],"about":[{"href":"https:\/\/reinventandofuturos.com.br\/erf\/wp-json\/wp\/v2\/types\/page"}],"author":[{"embeddable":true,"href":"https:\/\/reinventandofuturos.com.br\/erf\/wp-json\/wp\/v2\/users\/1"}],"replies":[{"embeddable":true,"href":"https:\/\/reinventandofuturos.com.br\/erf\/wp-json\/wp\/v2\/comments?post=382"}],"version-history":[{"count":22,"href":"https:\/\/reinventandofuturos.com.br\/erf\/wp-json\/wp\/v2\/pages\/382\/revisions"}],"predecessor-version":[{"id":429,"href":"https:\/\/reinventandofuturos.com.br\/erf\/wp-json\/wp\/v2\/pages\/382\/revisions\/429"}],"wp:attachment":[{"href":"https:\/\/reinventandofuturos.com.br\/erf\/wp-json\/wp\/v2\/media?parent=382"}],"curies":[{"name":"wp","href":"https:\/\/api.w.org\/{rel}","templated":true}]}}